{"id":2351,"date":"2020-11-04T20:56:17","date_gmt":"2020-11-05T01:26:17","guid":{"rendered":"http:\/\/www.intivoyages.com\/?page_id=2351"},"modified":"2022-03-24T09:53:24","modified_gmt":"2022-03-24T14:23:24","slug":"nous-joindre","status":"publish","type":"page","link":"http:\/\/www.intivoyages.com\/?page_id=2351","title":{"rendered":"Nous joindre"},"content":{"rendered":"<h6>Vous avez envie de vous \u00e9vader de la routine ou tout simplement de vous reposer? Notre \u00e9quipe est \u00e0 votre disposition afin de vous aider. Contactez-nous pour toute question li\u00e9e \u00e0 votre voyage ou pour toute r\u00e9servation n\u00e9cessaire. Nous allons trouver votre vacance de r\u00eave!<\/h6>\n<ul>\n<li>Notre adresse: <strong>7164 Rue Saint-Hubert suite #1,\u00a0Montr\u00e9al, QC H2R 2N1<\/strong><\/li>\n<li>Notre num\u00e9ro de t\u00e9l\u00e9phone: <strong>(514) 942-7500<\/strong><\/li>\n<li>Pour toute question, vous pouvez aussi nous contacter par e-mail \u00e0 l&#8217;adresse suivante:\u00a0<strong>maria@intivoyages.com<\/strong><\/li>\n<\/ul>\n","protected":false},"excerpt":{"rendered":"<p>Vous avez envie de vous \u00e9vader de la routine ou tout simplement de vous reposer? Notre \u00e9quipe est \u00e0 votre disposition afin de vous aider. Contactez-nous pour toute question li\u00e9e \u00e0 votre voyage ou pour toute r\u00e9servation n\u00e9cessaire. Nous allons trouver votre vacance de r\u00eave! Notre adresse: 7164 Rue Saint-Hubert [&hellip;]<\/p>\n","protected":false},"author":2,"featured_media":2358,"parent":0,"menu_order":0,"comment_status":"closed","ping_status":"closed","template":"","meta":{"footnotes":""},"_links":{"self":[{"href":"http:\/\/www.intivoyages.com\/index.php?rest_route=\/wp\/v2\/pages\/2351"}],"collection":[{"href":"http:\/\/www.intivoyages.com\/index.php?rest_route=\/wp\/v2\/pages"}],"about":[{"href":"http:\/\/www.intivoyages.com\/index.php?rest_route=\/wp\/v2\/types\/page"}],"author":[{"embeddable":true,"href":"http:\/\/www.intivoyages.com\/index.php?rest_route=\/wp\/v2\/users\/2"}],"replies":[{"embeddable":true,"href":"http:\/\/www.intivoyages.com\/index.php?rest_route=%2Fwp%2Fv2%2Fcomments&post=2351"}],"version-history":[{"count":12,"href":"http:\/\/www.intivoyages.com\/index.php?rest_route=\/wp\/v2\/pages\/2351\/revisions"}],"predecessor-version":[{"id":2444,"href":"http:\/\/www.intivoyages.com\/index.php?rest_route=\/wp\/v2\/pages\/2351\/revisions\/2444"}],"wp:featuredmedia":[{"embeddable":true,"href":"http:\/\/www.intivoyages.com\/index.php?rest_route=\/wp\/v2\/media\/2358"}],"wp:attachment":[{"href":"http:\/\/www.intivoyages.com\/index.php?rest_route=%2Fwp%2Fv2%2Fmedia&parent=2351"}],"curies":[{"name":"wp","href":"https:\/\/api.w.org\/{rel}","templated":true}]}}